{"id":11199,"date":"2023-10-05T09:20:24","date_gmt":"2023-10-05T09:20:24","guid":{"rendered":"https:\/\/funtechspot.com\/termini-e-condizioni\/"},"modified":"2023-10-05T09:20:24","modified_gmt":"2023-10-05T09:20:24","slug":"termini-e-condizioni","status":"publish","type":"page","link":"https:\/\/funtechspot.com\/it\/termini-e-condizioni\/","title":{"rendered":"Termini e condizioni"},"content":{"rendered":"<h3><b>1. Introduzione<\/b><\/h3>\n<p><span style=\"font-weight: 400;\">Uni Dragons Media Ltd (di seguito denominata \u201cAzienda\u201d, \u201cnoi\u201d, \u201cci\u201d o \u201cnostro\u201d) fornisce i presenti Termini e Condizioni per delineare i termini che regolano l \u201caccesso e l\u201d utilizzo del nostro sito web, funtechspot.com (di seguito denominato \u201cSito web\u201d) e dei servizi correlati.<\/span><\/p>\n<p><span style=\"font-weight: 400;\">Accedendo o utilizzando il nostro Sito web, accetti di essere vincolato dai presenti Termini. Se non sei d'accordo con una qualsiasi parte dei presenti Termini, non devi utilizzare il Sito web. <\/span><\/p>\n<p><span style=\"font-weight: 400;\">Oltre ai Termini e alle Condizioni Generali, esistono regole di servizio, termini pubblicitari, istruzioni e disposizioni specifiche applicabili all \u201cutente e a Uni Dragons Media Ltd durante l\u201d utilizzo dei servizi (come definiti nel presente documento).<\/span><\/p>\n<p><span style=\"font-weight: 400;\">Tutte le linee guida, le regole, i termini e le disposizioni in materia di pubblicit\u00e0 sono considerate parte integrante dei presenti Termini e condizioni generali.<\/span><\/p>\n<p><span style=\"font-weight: 400;\">Utilizzando i servizi di Uni Dragons Media Ltd, accetti di rispettare i presenti Termini e Condizioni, nonch\u00e9 le linee guida, le regole, i termini pubblicitari e le condizioni che devono essere considerati parte integrante delle presenti Condizioni Generali.<\/span><\/p>\n<h3><b>2. Descrizione del servizio<\/b><\/h3>\n<p><span style=\"font-weight: 400;\">Uni Dragons Media Ltd fornisce contenuti di intrattenimento mobile, come video, grafica e altri dati, tramite servizi SMS e internet (GPRS, 3G\/4G) su dispositivi mobili compatibili.  <\/span><\/p>\n<p><span style=\"font-weight: 400;\">Dopo la registrazione e il pagamento, potrai ricevere o scaricare prodotti attraverso il Servizio su telefoni cellulari compatibili.<\/span><\/p>\n<h3><b>3. Disponibilit\u00e0<\/b><\/h3>\n<p><span style=\"font-weight: 400;\">Il Servizio \u00e8 fornito \"cos\u00ec com'\u00e8\" e Uni Dragons Media Ltd non \u00e8 responsabile di eventuali guasti o ritardi nel funzionamento del servizio causati dalla configurazione del tuo dispositivo mobile personale.<\/span><\/p>\n<p><span style=\"font-weight: 400;\">Per utilizzare i servizi, gli utenti devono essere connessi a una rete mobile attraverso un operatore di telefonia mobile. L \u201cutente \u00e8 responsabile di tutti i costi associati a tale accesso, nonch\u00e9 dell\u201d attrezzatura necessaria per connettersi a internet. <\/span><\/p>\n<h3><b>4. Diritti dell'utente e registrazione<\/b><\/h3>\n<p><span style=\"font-weight: 400;\">Gli utenti devono avere almeno 18 anni. Gli utenti di et\u00e0 inferiore ai 18 anni devono avere il permesso di un genitore o di un tutore per utilizzare il Servizio. <\/span><\/p>\n<p><span style=\"font-weight: 400;\">Registrando un account, l'utente accetta di fornire informazioni accurate e complete. Ci riserviamo il diritto di sospendere o chiudere gli account con informazioni false o fuorvianti. <\/span><\/p>\n<p><span style=\"font-weight: 400;\">L'utente \u00e8 responsabile della riservatezza delle credenziali del proprio account e di tutte le attivit\u00e0 che si svolgono con il suo account.<\/span><\/p>\n<h3><b>5. Pagamenti<\/b><\/h3>\n<p><span style=\"font-weight: 400;\">L'accesso ai nostri servizi online \u00e8 gratuito. Per i servizi aggiuntivi, dovrai pagare le tariffe applicabili secondo i prezzi correnti di Uni Dragons Media Ltd e le tariffe del tuo operatore mobile. <\/span><\/p>\n<p><span style=\"font-weight: 400;\">La fatturazione avverr\u00e0 tramite il tuo account di telefonia mobile e comprender\u00e0 tutte le imposte e le tasse nazionali e locali derivanti dall'utilizzo dei servizi.<\/span><\/p>\n<p><span style=\"font-weight: 400;\">Uni Dragons Media Ltd si riserva il diritto di modificare i prezzi dei servizi pubblicando i dettagli di tali modifiche sul proprio sito web.<\/span><\/p>\n<p><span style=\"font-weight: 400;\">Se non accetti le nuove tariffe, puoi annullare l'abbonamento al termine del periodo di fatturazione in corso.<\/span><\/p>\n<h3><b>6. Divieto di rivendita dei servizi<\/b><\/h3>\n<p><span style=\"font-weight: 400;\">L \u201cutente riconosce e accetta che i download disponibili all\u201d interno del servizio sono di propriet\u00e0 di Uni Dragons Media Ltd, delle sue affiliate e\/o dei suoi licenziatari e sono protetti dalle leggi sul copyright.<\/span><\/p>\n<p><span style=\"font-weight: 400;\">Ti viene concessa una licenza limitata, non esclusiva, non trasferibile e revocabile per scaricare e utilizzare il contenuto esclusivamente per uso personale e non commerciale su un telefono cellulare compatibile.<\/span><\/p>\n<p><span style=\"font-weight: 400;\">Non ti \u00e8 consentito riprodurre, modificare, trasmettere, distribuire, vendere, creare opere derivate o utilizzare in altro modo i contenuti senza l'esplicito consenso scritto di Uni Dragons Media Ltd.<\/span><\/p>\n<h3><b>7. Diritti di propriet\u00e0 intellettuale<\/b><\/h3>\n<p><span style=\"font-weight: 400;\">Se non diversamente specificato, tutti i diritti, i titoli e i diritti di propriet\u00e0 intellettuale associati ai servizi appartengono a Uni Dragons Media Ltd o ai suoi licenziatari.<\/span><\/p>\n<p><span style=\"font-weight: 400;\">L \u201cutente accetta di non rivendicare alcun diritto di propriet\u00e0 su tali contenuti. L\u201d utente riconosce che nessun contenuto multimediale gli viene trasferito e che non ha alcun diritto sul servizio o sul suo contenuto oltre alla licenza limitata concessa sopra. <\/span><\/p>\n<h3><b>8. Regole generali sull \u201cuso e l\u201d archiviazione delle informazioni<\/b><\/h3>\n<p><span style=\"font-weight: 400;\">Riconosci che Uni Dragons Media Ltd raccoglie ed elabora dati personali e finanziari e li utilizza in modo sicuro.<\/span><\/p>\n<p><span style=\"font-weight: 400;\">I dati personali raccolti da Uni Dragons Media Ltd possono essere conservati e utilizzati a Hong Kong o in qualsiasi altro paese in cui Uni Dragons Media Ltd o i suoi agenti operano.<\/span><\/p>\n<p><span style=\"font-weight: 400;\">Utilizzando il Servizio, acconsenti a tali trasferimenti transfrontalieri di dati. Potremmo trasferire i tuoi dati personali al tuo operatore di telefonia mobile ai fini della fatturazione. <\/span><\/p>\n<p><span style=\"font-weight: 400;\">Inoltre, potremmo condividere le tue informazioni con le autorit\u00e0 governative, inclusi, ma non solo, i tribunali e le procure.<\/span><\/p>\n<h3><b>9. Modifiche ai termini<\/b><\/h3>\n<p><span style=\"font-weight: 400;\">Uni Dragons Media Ltd si riserva il diritto di modificare i presenti Termini in qualsiasi momento senza preavviso o di introdurre nuovi termini relativi all \u201caccesso e\/o all\u201d utilizzo del Sito web, dei suoi prodotti e servizi.<\/span><\/p>\n<p><span style=\"font-weight: 400;\">Tali modifiche entrano in vigore immediatamente dopo la pubblicazione sul Sito.<\/span><\/p>\n<p><span style=\"font-weight: 400;\">L'utente \u00e8 tenuto a controllare regolarmente il Sito web per verificare la presenza di aggiornamenti che possano influire sui suoi diritti e obblighi.<\/span><\/p>\n<p><span style=\"font-weight: 400;\">Continuando a utilizzare il Sito dopo che sono state apportate le modifiche, l'utente accetta tali modifiche.<\/span><\/p>\n<h3><b>10. Transazioni con inserzionisti\/sponsor<\/b><\/h3>\n<p><span style=\"font-weight: 400;\">Qualsiasi transazione tra l \u201cutente e gli sponsor e\/o gli inserzionisti o qualsiasi partecipazione a offerte di sponsor e\/o inserzionisti elencati nel Servizio, compresi la fornitura e il pagamento di beni o servizi, nonch\u00e9 qualsiasi garanzia, condizione, termine e dichiarazione associata a tali transazioni, sono esclusivamente tra l\u201d utente e il rispettivo sponsor e\/o inserzionista.<\/span><\/p>\n<p><span style=\"font-weight: 400;\">L'utente accetta che Uni Dragons Media Ltd non sia responsabile di eventuali perdite che possano derivare da tali transazioni o dalla presenza di tali sponsor e\/o inserzionisti nel Servizio.<\/span><\/p>\n<h3><b>11. Attivazione del servizio<\/b><\/h3>\n<p><span style=\"font-weight: 400;\">Qualsiasi transazione tra l \u201cutente e gli sponsor e\/o gli inserzionisti o qualsiasi partecipazione a offerte di sponsor e\/o inserzionisti elencati nel Servizio, compresi la fornitura e il pagamento di beni o servizi, nonch\u00e9 qualsiasi garanzia, condizione, termine e dichiarazione associata a tali transazioni, sono esclusivamente tra l\u201d utente e il rispettivo sponsor e\/o inserzionista.<\/span><\/p>\n<p><span style=\"font-weight: 400;\">L'utente accetta che Uni Dragons Media Ltd non sia responsabile di eventuali perdite che possano derivare da tali transazioni o dalla presenza di tali sponsor e\/o inserzionisti nel Servizio.<\/span><\/p>\n<h3><b>12. Sospensione del servizio<\/b><\/h3>\n<p><span style=\"font-weight: 400;\">Uni Dragons Media Ltd pu\u00f2 sospendere il Servizio per manutenzione, aggiornamenti o riparazioni. In questi casi, Uni Dragons Media Ltd far\u00e0 il possibile per ridurre al minimo i tempi di inattivit\u00e0 del servizio e i disagi per gli utenti. <\/span><\/p>\n<p><span style=\"font-weight: 400;\">Uni Dragons Media Ltd si riserva il diritto di modificare o interrompere, temporaneamente o permanentemente, singoli servizi forniti da lei o da terzi attraverso i Servizi o di interrompere del tutto i Servizi.<\/span><\/p>\n<h3><b>13. Termine del servizio<\/b><\/h3>\n<p><span style=\"font-weight: 400;\">Per cancellare i servizi forniti da Uni Dragons Media Ltd, puoi inviare una richiesta all \u201cassistenza clienti all\u201d indirizzo <\/span><b>support@funtechspot.com<\/b><span style=\"font-weight: 400;\">.<\/span><\/p>\n<p><span style=\"font-weight: 400;\">La cancellazione ha effetto a partire dalla ricezione della conferma. Gli addebiti potrebbero comunque comparire sul tuo conto mobile per il ciclo di fatturazione successivo. Uni Dragons Media Ltd si riserva il diritto di riscuotere eventuali pagamenti in sospeso.  <\/span><\/p>\n<h3><b>14. Contenuto<\/b><\/h3>\n<p><span style=\"font-weight: 400;\">I testi, le immagini, le foto, i grafici, i loghi, le illustrazioni, le descrizioni, i dati e gli altri materiali forniti sul Sito web, nonch\u00e9 la loro selezione, compilazione e disposizione, sono collettivamente indicati come \u201cContenuti\u201d.<\/span><\/p>\n<p><span style=\"font-weight: 400;\">I Contenuti possono contenere errori, omissioni o errori tipografici e\/o possono essere obsoleti. Uni Dragons Media Ltd pu\u00f2 modificare, rimuovere o aggiornare qualsiasi Contenuto in qualsiasi momento senza preavviso. <\/span><\/p>\n<p><span style=\"font-weight: 400;\">Il Contenuto \u00e8 fornito solo a scopo informativo e non \u00e8 vincolante.<\/span><\/p>\n<h3><b>15. Sicurezza e protezione<\/b><\/h3>\n<p><span style=\"font-weight: 400;\">L'infrastruttura e le applicazioni sono costruite e protette in modo da garantire ragionevolmente che persone non autorizzate non possano accedere ai dati degli utenti.<\/span><\/p>\n<p><span style=\"font-weight: 400;\">Accettando i presenti termini, l'utente riconosce che Uni Dragons Media Ltd:<\/span><\/p>\n<ul>\n<li style=\"font-weight: 400;\" aria-level=\"1\"><span style=\"font-weight: 400;\">Pu\u00f2 utilizzare i tuoi dati per adempiere agli accordi tra te e Uni Dragons Media Ltd, aggiornare la piattaforma e migliorare la tua esperienza con il Sito web.<\/span><\/li>\n<li style=\"font-weight: 400;\" aria-level=\"1\"><span style=\"font-weight: 400;\">Pu\u00f2 riutilizzare le informazioni che hai pubblicato sul Sito web o via SMS.<\/span><\/li>\n<li style=\"font-weight: 400;\" aria-level=\"1\"><span style=\"font-weight: 400;\">Pu\u00f2 informarti su offerte, sconti, nuovi sviluppi e servizi aggiuntivi forniti da Uni Dragons Media Ltd.<\/span><\/li>\n<li style=\"font-weight: 400;\" aria-level=\"1\"><span style=\"font-weight: 400;\">Pu\u00f2 trattare le informazioni relative all'instaurazione o al mantenimento di rapporti diretti tra Uni Dragons Media Ltd e\/o aziende selezionate per scopi di reclutamento, commerciali o di beneficenza.<\/span><\/li>\n<\/ul>\n<p><span style=\"font-weight: 400;\">Accettando i presenti Termini, autorizzi Uni Dragons Media Ltd a raccogliere e utilizzare queste informazioni o a fornirle a terzi in forma anonima.<\/span><\/p>\n<h3><b>Accettazione di questa Politica<\/b><\/h3>\n<p><span style=\"font-weight: 400;\">Utilizzando il Servizio, accetti la presente Informativa sulla privacy e i Termini e condizioni generali. Se non sei d'accordo, ti invitiamo a non utilizzare il nostro Servizio. <\/span><\/p>\n<p><span style=\"font-weight: 400;\">Ci riserviamo il diritto di modificare, emendare, ampliare o limitare la presente Informativa sulla privacy e i Termini e condizioni generali in qualsiasi momento. Pertanto, ti consigliamo di rivedere regolarmente queste pagine. <\/span><\/p>\n","protected":false},"excerpt":{"rendered":"<p>1. Introduzione Uni Dragons Media Ltd (di seguito denominata \u201cAzienda\u201d, \u201cnoi\u201d, \u201cci\u201d o \u201cnostro\u201d) fornisce i presenti Termini e Condizioni [&hellip;]<\/p>\n","protected":false},"author":3,"featured_media":0,"parent":0,"menu_order":0,"comment_status":"closed","ping_status":"closed","template":"template-empty.php","meta":{"inline_featured_image":false,"footnotes":""},"class_list":["post-11199","page","type-page","status-publish","hentry"],"_links":{"self":[{"href":"https:\/\/funtechspot.com\/it\/wp-json\/wp\/v2\/pages\/11199"}],"collection":[{"href":"https:\/\/funtechspot.com\/it\/wp-json\/wp\/v2\/pages"}],"about":[{"href":"https:\/\/funtechspot.com\/it\/wp-json\/wp\/v2\/types\/page"}],"author":[{"embeddable":true,"href":"https:\/\/funtechspot.com\/it\/wp-json\/wp\/v2\/users\/3"}],"replies":[{"embeddable":true,"href":"https:\/\/funtechspot.com\/it\/wp-json\/wp\/v2\/comments?post=11199"}],"version-history":[{"count":0,"href":"https:\/\/funtechspot.com\/it\/wp-json\/wp\/v2\/pages\/11199\/revisions"}],"wp:attachment":[{"href":"https:\/\/funtechspot.com\/it\/wp-json\/wp\/v2\/media?parent=11199"}],"curies":[{"name":"wp","href":"https:\/\/api.w.org\/{rel}","templated":true}]}}