{"id":11207,"date":"2023-10-05T09:20:24","date_gmt":"2023-10-05T09:20:24","guid":{"rendered":"https:\/\/funtechspot.com\/conditions-dutilisation\/"},"modified":"2023-10-05T09:20:24","modified_gmt":"2023-10-05T09:20:24","slug":"conditions-dutilisation","status":"publish","type":"page","link":"https:\/\/funtechspot.com\/fr\/conditions-dutilisation\/","title":{"rendered":"Conditions d&rsquo;utilisation"},"content":{"rendered":"<h3><b>1. Introduction<\/b><\/h3>\n<p><span style=\"font-weight: 400;\">Uni Dragons Media Ltd (ci-apr\u00e8s d\u00e9nomm\u00e9e \u00ab la soci\u00e9t\u00e9 \u00bb, \u00ab nous \u00bb, \u00ab notre \u00bb ou \u00ab nos \u00bb) propose ces conditions g\u00e9n\u00e9rales pour d\u00e9finir les termes r\u00e9gissant l&rsquo;acc\u00e8s et l&rsquo;utilisation de notre site web, funtechspot.com (ci-apr\u00e8s d\u00e9nomm\u00e9 \u00ab le site web \u00bb) et des services qui y sont li\u00e9s.<\/span><\/p>\n<p><span style=\"font-weight: 400;\">En acc\u00e9dant \u00e0 notre site web ou en l&rsquo;utilisant, vous acceptez d \u00ab \u00eatre li\u00e9 par les pr\u00e9sentes conditions. Si vous n \u00bb \u00eates pas d&rsquo;accord avec une partie de ces conditions, vous ne devez pas utiliser le site web. <\/span><\/p>\n<p><span style=\"font-weight: 400;\">En plus des Conditions g\u00e9n\u00e9rales, il existe des r\u00e8gles de service sp\u00e9cifiques, des conditions de publicit\u00e9, des instructions et des dispositions applicables \u00e0 vous et \u00e0 Uni Dragons Media Ltd lors de l&rsquo;utilisation des services (tels que d\u00e9finis dans le pr\u00e9sent document).<\/span><\/p>\n<p><span style=\"font-weight: 400;\">Toutes ces lignes directrices, r\u00e8gles, conditions et dispositions en mati\u00e8re de publicit\u00e9 sont consid\u00e9r\u00e9es comme faisant partie int\u00e9grante des pr\u00e9sentes conditions g\u00e9n\u00e9rales.<\/span><\/p>\n<p><span style=\"font-weight: 400;\">En utilisant les services d&rsquo;Uni Dragons Media Ltd, vous acceptez de vous conformer aux pr\u00e9sentes conditions g\u00e9n\u00e9rales, ainsi qu&rsquo;aux lignes directrices, r\u00e8gles, conditions de publicit\u00e9 et conditions, qui doivent \u00eatre consid\u00e9r\u00e9es comme une partie ins\u00e9parable des pr\u00e9sentes conditions g\u00e9n\u00e9rales.<\/span><\/p>\n<h3><b>2. Description du service<\/b><\/h3>\n<p><span style=\"font-weight: 400;\">Uni Dragons Media Ltd fournit des contenus de divertissement mobiles, tels que des vid\u00e9os, des graphiques et d&rsquo;autres donn\u00e9es, via des services SMS et l&rsquo;internet (GPRS, 3G\/4G) sur des appareils mobiles compatibles.  <\/span><\/p>\n<p><span style=\"font-weight: 400;\">Apr\u00e8s inscription et paiement, vous pourrez recevoir ou t\u00e9l\u00e9charger des produits par l&rsquo;interm\u00e9diaire du service sur des t\u00e9l\u00e9phones mobiles compatibles.<\/span><\/p>\n<h3><b>3. Disponibilit\u00e9<\/b><\/h3>\n<p><span style=\"font-weight: 400;\">Le service est fourni \u00ab\u00a0en l&rsquo;\u00e9tat\u00a0\u00bb et Uni Dragons Media Ltd n&rsquo;est pas responsable des d\u00e9faillances ou des retards dans le fonctionnement du service caus\u00e9s par la configuration de votre appareil mobile personnel.<\/span><\/p>\n<p><span style=\"font-weight: 400;\">Pour utiliser les services, les utilisateurs doivent \u00eatre connect\u00e9s \u00e0 un r\u00e9seau mobile par l&rsquo;interm\u00e9diaire d&rsquo;un op\u00e9rateur mobile. Vous \u00eates responsable de tous les co\u00fbts li\u00e9s \u00e0 cet acc\u00e8s, ainsi que de l&rsquo;\u00e9quipement n\u00e9cessaire pour vous connecter \u00e0 l&rsquo;internet. <\/span><\/p>\n<h3><b>4. Droits de l&rsquo;utilisateur et enregistrement<\/b><\/h3>\n<p><span style=\"font-weight: 400;\">Les utilisateurs doivent \u00eatre \u00e2g\u00e9s d&rsquo;au moins 18 ans. Les utilisateurs de moins de 18 ans doivent avoir l&rsquo;autorisation d&rsquo;un parent ou d&rsquo;un tuteur pour utiliser le service. <\/span><\/p>\n<p><span style=\"font-weight: 400;\">En cr\u00e9ant un compte, vous acceptez de fournir des informations exactes et compl\u00e8tes. Nous nous r\u00e9servons le droit de suspendre ou de r\u00e9silier les comptes contenant des informations fausses ou trompeuses. <\/span><\/p>\n<p><span style=\"font-weight: 400;\">Vous \u00eates responsable de la confidentialit\u00e9 des donn\u00e9es d&rsquo;identification de votre compte et de toutes les activit\u00e9s effectu\u00e9es sous votre compte.<\/span><\/p>\n<h3><b>5. Paiements<\/b><\/h3>\n<p><span style=\"font-weight: 400;\">L&rsquo;acc\u00e8s \u00e0 nos services en ligne est gratuit. Pour les services suppl\u00e9mentaires, vous devez payer les frais applicables selon les tarifs en vigueur d&rsquo;Uni Dragons Media Ltd et ceux de votre op\u00e9rateur de t\u00e9l\u00e9phonie mobile. <\/span><\/p>\n<p><span style=\"font-weight: 400;\">Vous serez factur\u00e9 sur votre compte mobile, y compris toutes les taxes et tous les frais nationaux et locaux d\u00e9coulant de votre utilisation des services.<\/span><\/p>\n<p><span style=\"font-weight: 400;\">Uni Dragons Media Ltd se r\u00e9serve le droit de modifier les prix des services en publiant les d\u00e9tails de ces changements sur son site Internet.<\/span><\/p>\n<p><span style=\"font-weight: 400;\">Si vous n&rsquo;acceptez pas les nouveaux tarifs, vous pouvez r\u00e9silier votre abonnement \u00e0 la fin de la p\u00e9riode de facturation en cours.<\/span><\/p>\n<h3><b>6. Interdiction de revente des services<\/b><\/h3>\n<p><span style=\"font-weight: 400;\">Vous reconnaissez et acceptez que les t\u00e9l\u00e9chargements disponibles dans le cadre du service sont la propri\u00e9t\u00e9 d&rsquo;Uni Dragons Media Ltd, de ses affili\u00e9s et\/ou de ses conc\u00e9dants de licence et sont prot\u00e9g\u00e9s par les lois sur les droits d&rsquo;auteur.<\/span><\/p>\n<p><span style=\"font-weight: 400;\">Vous disposez d&rsquo;une licence limit\u00e9e, non exclusive, non transf\u00e9rable et r\u00e9vocable pour t\u00e9l\u00e9charger et utiliser le contenu uniquement \u00e0 des fins personnelles et non commerciales sur un t\u00e9l\u00e9phone portable compatible.<\/span><\/p>\n<p><span style=\"font-weight: 400;\">Vous n&rsquo;\u00eates pas autoris\u00e9 \u00e0 reproduire, modifier, transmettre, distribuer, vendre, cr\u00e9er des \u0153uvres d\u00e9riv\u00e9es ou utiliser le contenu d&rsquo;une autre mani\u00e8re sans l&rsquo;autorisation \u00e9crite expresse d&rsquo;Uni Dragons Media Ltd.<\/span><\/p>\n<h3><b>7. Droits de propri\u00e9t\u00e9 intellectuelle<\/b><\/h3>\n<p><span style=\"font-weight: 400;\">Sauf indication contraire, tous les droits, titres et droits de propri\u00e9t\u00e9 intellectuelle associ\u00e9s aux services appartiennent \u00e0 Uni Dragons Media Ltd ou \u00e0 ses conc\u00e9dants de licence.<\/span><\/p>\n<p><span style=\"font-weight: 400;\">Vous acceptez de ne revendiquer aucun droit de propri\u00e9t\u00e9 sur ce contenu. Vous reconnaissez qu&rsquo;aucun contenu m\u00e9diatique ne vous est transf\u00e9r\u00e9 et que vous n&rsquo;avez aucun droit sur le service ou son contenu autre que la licence limit\u00e9e accord\u00e9e ci-dessus. <\/span><\/p>\n<h3><b>8. R\u00e8gles g\u00e9n\u00e9rales concernant l&rsquo;utilisation et le stockage des informations<\/b><\/h3>\n<p><span style=\"font-weight: 400;\">Vous reconnaissez qu&rsquo;Uni Dragons Media Ltd recueille et traite des donn\u00e9es personnelles et financi\u00e8res et utilise ces informations en toute s\u00e9curit\u00e9.<\/span><\/p>\n<p><span style=\"font-weight: 400;\">Les informations personnelles collect\u00e9es par Uni Dragons Media Ltd peuvent \u00eatre stock\u00e9es et utilis\u00e9es \u00e0 Hong Kong ou dans tout autre pays o\u00f9 Uni Dragons Media Ltd ou ses agents op\u00e8rent.<\/span><\/p>\n<p><span style=\"font-weight: 400;\">En utilisant le service, vous acceptez ces transferts de donn\u00e9es transfrontaliers. Nous pouvons transf\u00e9rer vos informations personnelles \u00e0 votre op\u00e9rateur de t\u00e9l\u00e9phonie mobile \u00e0 des fins de facturation. <\/span><\/p>\n<p><span style=\"font-weight: 400;\">En outre, nous pouvons partager vos informations avec les autorit\u00e9s gouvernementales, y compris, mais sans s&rsquo;y limiter, avec les tribunaux et les parquets.<\/span><\/p>\n<h3><b>9. Modifications des conditions<\/b><\/h3>\n<p><span style=\"font-weight: 400;\">Uni Dragons Media Ltd se r\u00e9serve le droit de modifier ces Conditions \u00e0 tout moment et sans pr\u00e9avis ou d&rsquo;introduire de nouvelles conditions concernant l&rsquo;acc\u00e8s et\/ou l&rsquo;utilisation du Site Internet, de ses produits et de ses services.<\/span><\/p>\n<p><span style=\"font-weight: 400;\">Ces modifications prennent effet imm\u00e9diatement apr\u00e8s leur publication sur le site web.<\/span><\/p>\n<p><span style=\"font-weight: 400;\">Il vous incombe de consulter r\u00e9guli\u00e8rement le site web pour prendre connaissance des mises \u00e0 jour susceptibles d&rsquo;affecter vos droits et obligations.<\/span><\/p>\n<p><span style=\"font-weight: 400;\">En continuant \u00e0 utiliser le site web apr\u00e8s que des modifications ont \u00e9t\u00e9 apport\u00e9es, vous acceptez ces modifications.<\/span><\/p>\n<h3><b>10. Transactions avec les annonceurs \/ sponsors<\/b><\/h3>\n<p><span style=\"font-weight: 400;\">Toute transaction entre vous et des sponsors et\/ou des annonceurs ou toute participation \u00e0 des offres de sponsors et\/ou d&rsquo;annonceurs r\u00e9pertori\u00e9s dans le service, y compris la fourniture et le paiement de biens ou de services, ainsi que toute garantie, condition, terme et repr\u00e9sentation associ\u00e9s \u00e0 de telles transactions, sont uniquement entre vous et le sponsor et\/ou l&rsquo;annonceur respectif.<\/span><\/p>\n<p><span style=\"font-weight: 400;\">Vous acceptez que Uni Dragons Media Ltd ne soit pas responsable des pertes qui pourraient r\u00e9sulter de telles transactions ou de la pr\u00e9sence de tels sponsors et\/ou annonceurs dans le Service.<\/span><\/p>\n<h3><b>11. Activation du service<\/b><\/h3>\n<p><span style=\"font-weight: 400;\">Toute transaction entre vous et des sponsors et\/ou des annonceurs ou toute participation \u00e0 des offres de sponsors et\/ou d&rsquo;annonceurs r\u00e9pertori\u00e9s dans le service, y compris la fourniture et le paiement de biens ou de services, ainsi que toute garantie, condition, terme et repr\u00e9sentation associ\u00e9s \u00e0 de telles transactions, sont uniquement entre vous et le sponsor et\/ou l&rsquo;annonceur respectif.<\/span><\/p>\n<p><span style=\"font-weight: 400;\">Vous acceptez que Uni Dragons Media Ltd ne soit pas responsable des pertes qui pourraient r\u00e9sulter de telles transactions ou de la pr\u00e9sence de tels sponsors et\/ou annonceurs dans le Service.<\/span><\/p>\n<h3><b>12. Suspension du service<\/b><\/h3>\n<p><span style=\"font-weight: 400;\">Uni Dragons Media Ltd peut suspendre le service pour des raisons de maintenance, de mise \u00e0 jour ou de r\u00e9paration. Dans ce cas, Uni Dragons Media Ltd fera des efforts raisonnables pour minimiser les temps d&rsquo;arr\u00eat du service et les inconv\u00e9nients pour les utilisateurs. <\/span><\/p>\n<p><span style=\"font-weight: 400;\">Uni Dragons Media Ltd se r\u00e9serve le droit de modifier ou d&rsquo;interrompre, temporairement ou d\u00e9finitivement, des services individuels fournis par elle ou par des tiers par le biais des Services, ou d&rsquo;interrompre compl\u00e8tement les Services.<\/span><\/p>\n<h3><b>13. Cessation des services<\/b><\/h3>\n<p><span style=\"font-weight: 400;\">Pour annuler les services fournis par Uni Dragons Media Ltd, vous pouvez soumettre une demande au service client\u00e8le \u00e0 l&rsquo;adresse suivante <\/span><b>support@funtechspot.com<\/b><span style=\"font-weight: 400;\">.<\/span><\/p>\n<p><span style=\"font-weight: 400;\">L&rsquo;annulation prend effet d\u00e8s r\u00e9ception de la confirmation. Les frais peuvent encore appara\u00eetre sur votre compte mobile pour le prochain cycle de facturation. Uni Dragons Media Ltd se r\u00e9serve le droit de recouvrer tout paiement en souffrance.  <\/span><\/p>\n<h3><b>14. Contenu<\/b><\/h3>\n<p><span style=\"font-weight: 400;\">Les textes, images, photos, graphiques, logos, illustrations, descriptions, donn\u00e9es et autres \u00e9l\u00e9ments fournis sur le site web, ainsi que leur s\u00e9lection, leur compilation et leur disposition, sont collectivement d\u00e9sign\u00e9s par le terme \u00ab contenu \u00bb.<\/span><\/p>\n<p><span style=\"font-weight: 400;\">Le contenu peut contenir des erreurs, des omissions ou des fautes de frappe et\/ou peut \u00eatre d\u00e9pass\u00e9. Uni Dragons Media Ltd peut modifier, supprimer ou mettre \u00e0 jour tout contenu \u00e0 tout moment et sans pr\u00e9avis. <\/span><\/p>\n<p><span style=\"font-weight: 400;\">Le contenu est fourni \u00e0 titre d&rsquo;information uniquement et n&rsquo;est pas contraignant.<\/span><\/p>\n<h3><b>15. S\u00e9curit\u00e9 et protection<\/b><\/h3>\n<p><span style=\"font-weight: 400;\">L&rsquo;infrastructure et les applications sont construites et s\u00e9curis\u00e9es de mani\u00e8re \u00e0 garantir raisonnablement que des personnes non autoris\u00e9es ne puissent pas acc\u00e9der aux donn\u00e9es des utilisateurs.<\/span><\/p>\n<p><span style=\"font-weight: 400;\">En acceptant ces conditions, vous reconnaissez qu&rsquo;Uni Dragons Media Ltd :<\/span><\/p>\n<ul>\n<li style=\"font-weight: 400;\" aria-level=\"1\"><span style=\"font-weight: 400;\">Peut utiliser vos informations pour respecter les accords entre vous et Uni Dragons Media Ltd, mettre \u00e0 jour la plate-forme et am\u00e9liorer votre exp\u00e9rience sur le site Web.<\/span><\/li>\n<li style=\"font-weight: 400;\" aria-level=\"1\"><span style=\"font-weight: 400;\">Peut r\u00e9utiliser les informations que vous avez publi\u00e9es sur le site web ou par SMS.<\/span><\/li>\n<li style=\"font-weight: 400;\" aria-level=\"1\"><span style=\"font-weight: 400;\">Peut vous informer sur les offres, les r\u00e9ductions, les nouveaux d\u00e9veloppements et les services suppl\u00e9mentaires fournis par Uni Dragons Media Ltd.<\/span><\/li>\n<li style=\"font-weight: 400;\" aria-level=\"1\"><span style=\"font-weight: 400;\">Peut traiter des informations li\u00e9es \u00e0 l&rsquo;\u00e9tablissement ou au maintien de relations directes entre Uni Dragons Media Ltd et\/ou des entreprises s\u00e9lectionn\u00e9es \u00e0 des fins de recrutement, commerciales ou caritatives.<\/span><\/li>\n<\/ul>\n<p><span style=\"font-weight: 400;\">En acceptant ces conditions, vous autorisez Uni Dragons Media Ltd \u00e0 collecter et \u00e0 utiliser ces informations ou \u00e0 les fournir \u00e0 des tiers de mani\u00e8re anonyme.<\/span><\/p>\n<h3><b>Acceptation de la pr\u00e9sente politique<\/b><\/h3>\n<p><span style=\"font-weight: 400;\">En utilisant le service, vous acceptez la pr\u00e9sente politique de confidentialit\u00e9 et les conditions g\u00e9n\u00e9rales. Si vous n&rsquo;\u00eates pas d&rsquo;accord, veuillez ne pas utiliser notre service. <\/span><\/p>\n<p><span style=\"font-weight: 400;\">Nous nous r\u00e9servons le droit de modifier, d&rsquo;amender, d&rsquo;\u00e9tendre ou de restreindre la pr\u00e9sente politique de confidentialit\u00e9 et les conditions g\u00e9n\u00e9rales \u00e0 tout moment. Nous vous recommandons donc de consulter r\u00e9guli\u00e8rement ces pages. <\/span><\/p>\n","protected":false},"excerpt":{"rendered":"<p>1. Introduction Uni Dragons Media Ltd (ci-apr\u00e8s d\u00e9nomm\u00e9e \u00ab la soci\u00e9t\u00e9 \u00bb, \u00ab nous \u00bb, \u00ab notre \u00bb ou \u00ab [&hellip;]<\/p>\n","protected":false},"author":3,"featured_media":0,"parent":0,"menu_order":0,"comment_status":"closed","ping_status":"closed","template":"template-empty.php","meta":{"inline_featured_image":false,"footnotes":""},"class_list":["post-11207","page","type-page","status-publish","hentry"],"_links":{"self":[{"href":"https:\/\/funtechspot.com\/fr\/wp-json\/wp\/v2\/pages\/11207"}],"collection":[{"href":"https:\/\/funtechspot.com\/fr\/wp-json\/wp\/v2\/pages"}],"about":[{"href":"https:\/\/funtechspot.com\/fr\/wp-json\/wp\/v2\/types\/page"}],"author":[{"embeddable":true,"href":"https:\/\/funtechspot.com\/fr\/wp-json\/wp\/v2\/users\/3"}],"replies":[{"embeddable":true,"href":"https:\/\/funtechspot.com\/fr\/wp-json\/wp\/v2\/comments?post=11207"}],"version-history":[{"count":0,"href":"https:\/\/funtechspot.com\/fr\/wp-json\/wp\/v2\/pages\/11207\/revisions"}],"wp:attachment":[{"href":"https:\/\/funtechspot.com\/fr\/wp-json\/wp\/v2\/media?parent=11207"}],"curies":[{"name":"wp","href":"https:\/\/api.w.org\/{rel}","templated":true}]}}