{"id":11205,"date":"2023-10-05T10:20:18","date_gmt":"2023-10-05T10:20:18","guid":{"rendered":"https:\/\/funtechspot.com\/politique-de-confidentialite\/"},"modified":"2023-10-05T10:20:18","modified_gmt":"2023-10-05T10:20:18","slug":"politique-de-confidentialite","status":"publish","type":"page","link":"https:\/\/funtechspot.com\/fr\/politique-de-confidentialite\/","title":{"rendered":"Politique de confidentialit\u00e9"},"content":{"rendered":"<h4><b>1. Introduction<\/b><\/h4>\n<p><span style=\"font-weight: 400;\">Uni Dragons Media Ltd (ci-apr\u00e8s d\u00e9nomm\u00e9e \u00ab l&rsquo;entreprise \u00bb, \u00ab nous \u00bb, \u00ab notre \u00bb ou \u00ab nos \u00bb) fournit cette politique de confidentialit\u00e9 pour d\u00e9crire la mani\u00e8re dont nous recueillons, utilisons et partageons les informations des utilisateurs qui visitent notre site web funtechspot.com (ci-apr\u00e8s d\u00e9nomm\u00e9 \u00ab le site web \u00bb) et utilisent les services qui y sont li\u00e9s.<\/span><\/p>\n<h4><b>2. Collecte d&rsquo;informations<\/b><\/h4>\n<h5><b>2.1. Informations personnelles<\/b><\/h5>\n<p><span style=\"font-weight: 400;\">Nous n&rsquo;utilisons ni ne partageons vos informations personnelles que de la mani\u00e8re d\u00e9crite dans la pr\u00e9sente politique de confidentialit\u00e9.<\/span><\/p>\n<p><span style=\"font-weight: 400;\">Nous utilisons vos informations personnelles pour fournir et am\u00e9liorer le service. En utilisant le service, vous consentez \u00e0 la collecte et \u00e0 l&rsquo;utilisation des informations conform\u00e9ment \u00e0 la pr\u00e9sente politique. Sauf d\u00e9finition contraire dans la pr\u00e9sente politique de confidentialit\u00e9, les termes utilis\u00e9s dans la pr\u00e9sente politique de confidentialit\u00e9 ont la m\u00eame signification que dans nos conditions de service.  <\/span><\/p>\n<p><span style=\"font-weight: 400;\">Lors de l&rsquo;utilisation de notre service, nous pouvons vous demander de fournir certaines informations personnellement identifiables qui peuvent \u00eatre utilis\u00e9es pour vous contacter ou vous identifier. Les informations personnelles peuvent inclure, sans s&rsquo;y limiter, votre adresse \u00e9lectronique, votre num\u00e9ro de t\u00e9l\u00e9phone et d&rsquo;autres d\u00e9tails (\u00ab informations personnelles \u00bb). <\/span><\/p>\n<h5><b>2.2. Informations collect\u00e9es automatiquement<\/b><\/h5>\n<p><span style=\"font-weight: 400;\">Lorsque vous acc\u00e9dez au service via un appareil mobile, nous pouvons collecter automatiquement certaines informations, notamment le type d&rsquo;appareil mobile que vous utilisez, l&rsquo;identifiant unique de votre appareil, l&rsquo;adresse IP de votre appareil, l&rsquo;agent utilisateur (pays, langue, param\u00e8tres locaux, version du syst\u00e8me d&rsquo;exploitation), la version de l&rsquo;application, le type de navigateur Internet mobile et d&rsquo;autres statistiques (\u00ab donn\u00e9es de journal \u00bb).<\/span><\/p>\n<p><span style=\"font-weight: 400;\">En outre, nous pouvons utiliser des services tiers tels que Google Analytics qui collectent, suivent et analysent ce type d&rsquo;informations afin d&rsquo;am\u00e9liorer la fonctionnalit\u00e9 de notre service. Ces fournisseurs tiers disposent de leur propre politique de confidentialit\u00e9 r\u00e9gissant l&rsquo;utilisation de ces informations. <\/span><\/p>\n<p><span style=\"font-weight: 400;\">Nous pouvons collecter et stocker des informations de localisation si vous nous en donnez l&rsquo;autorisation. Ces informations sont utilis\u00e9es pour fournir des fonctionnalit\u00e9s de notre service, l&rsquo;am\u00e9liorer et le personnaliser. Vous pouvez activer ou d\u00e9sactiver les services de localisation \u00e0 tout moment dans les param\u00e8tres de votre appareil mobile.  <\/span><\/p>\n<h4><b>3. Utilisation de l&rsquo;information<\/b><\/h4>\n<p><span style=\"font-weight: 400;\">L&rsquo;objectif principal de la collecte de vos informations est de fournir et d&rsquo;am\u00e9liorer nos services, d&rsquo;assurer une exp\u00e9rience personnalis\u00e9e et de vous informer des mises \u00e0 jour et des nouvelles offres. Nous pouvons utiliser vos informations pour analyser les donn\u00e9es d\u00e9mographiques, les int\u00e9r\u00eats et les comportements des utilisateurs afin de mieux servir notre public. <\/span><\/p>\n<p><span style=\"font-weight: 400;\">Le remarketing comportemental nous permet d&rsquo;afficher des publicit\u00e9s sur des sites web tiers apr\u00e8s votre visite de notre service. Nous et nos fournisseurs tiers utilisons des cookies pour informer, optimiser et diffuser des publicit\u00e9s en fonction de vos interactions pass\u00e9es avec notre service. <\/span><\/p>\n<h5><b>Google Remarketing<\/b><\/h5>\n<p><span style=\"font-weight: 400;\">Le service de remarketing de Google AdWords est fourni par Google Inc.<\/span><\/p>\n<ul>\n<li style=\"font-weight: 400;\" aria-level=\"1\"><span style=\"font-weight: 400;\">Vous pouvez d\u00e9sactiver Google Analytics pour la publicit\u00e9 par affichage et personnaliser les annonces du R\u00e9seau Display de Google en visitant la page<\/span><a href=\"https:\/\/adssettings.google.com\/\"> <span style=\"font-weight: 400;\">page Param\u00e8tres des annonces Google<\/span><\/a><span style=\"font-weight: 400;\">.<\/span><\/li>\n<li style=\"font-weight: 400;\" aria-level=\"1\"><span style=\"font-weight: 400;\">Google recommande \u00e9galement d&rsquo;installer le module compl\u00e9mentaire de navigateur<\/span><a href=\"https:\/\/tools.google.com\/dlpage\/gaoptout\"> <span style=\"font-weight: 400;\">module compl\u00e9mentaire de navigateur pour la d\u00e9sactivation de Google Analytics<\/span><\/a><span style=\"font-weight: 400;\"> pour emp\u00eacher la collecte et l&rsquo;utilisation de vos donn\u00e9es par Google Analytics.<\/span><\/li>\n<li style=\"font-weight: 400;\" aria-level=\"1\"><span style=\"font-weight: 400;\">Pour plus de d\u00e9tails sur les pratiques de Google en mati\u00e8re de confidentialit\u00e9, consultez le site suivant<\/span><a href=\"https:\/\/policies.google.com\/privacy\"> <span style=\"font-weight: 400;\">Confidentialit\u00e9 et conditions d&rsquo;utilisation de Google<\/span><\/a><span style=\"font-weight: 400;\">.<\/span><\/li>\n<\/ul>\n<h5><b>Remarketing Facebook<\/b><\/h5>\n<p><span style=\"font-weight: 400;\">Le service de remarketing de Facebook est fourni par Facebook Inc.<\/span><\/p>\n<ul>\n<li style=\"font-weight: 400;\" aria-level=\"1\"><span style=\"font-weight: 400;\">Pour en savoir plus sur la publicit\u00e9 cibl\u00e9e par centres d&rsquo;int\u00e9r\u00eat sur Facebook, consultez les sites suivants<\/span><a href=\"https:\/\/www.facebook.com\/help\/568137493302217\"> <span style=\"font-weight: 400;\">le centre d&rsquo;aide de Facebook<\/span><\/a><span style=\"font-weight: 400;\">.<\/span><\/li>\n<li style=\"font-weight: 400;\" aria-level=\"1\"><span style=\"font-weight: 400;\">Pour d\u00e9sactiver les publicit\u00e9s bas\u00e9es sur les centres d&rsquo;int\u00e9r\u00eat de Facebook, suivez les instructions suivantes<\/span><a href=\"https:\/\/www.facebook.com\/help\/146952742043748\"> <span style=\"font-weight: 400;\">les instructions suivantes<\/span><\/a><span style=\"font-weight: 400;\">.<\/span><\/li>\n<li style=\"font-weight: 400;\" aria-level=\"1\"><span style=\"font-weight: 400;\">Facebook adh\u00e8re aux principes d&rsquo;autor\u00e9gulation de la publicit\u00e9 comportementale en ligne \u00e9tablis par la Digital Advertising Alliance. Les utilisateurs peuvent se d\u00e9sinscrire via la page <\/span> <a href=\"http:\/\/www.aboutads.info\/\"> <span style=\"font-weight: 400;\">Alliance pour la publicit\u00e9 num\u00e9rique<\/span><\/a><span style=\"font-weight: 400;\">L&rsquo;Alliance canadienne de la publicit\u00e9 num\u00e9rique<\/span><a href=\"http:\/\/youradchoices.ca\/\"> <span style=\"font-weight: 400;\">Alliance canadienne pour la publicit\u00e9 num\u00e9rique<\/span><\/a><span style=\"font-weight: 400;\">ou l<\/span><a href=\"http:\/\/www.youronlinechoices.eu\/\"> <span style=\"font-weight: 400;\">Alliance europ\u00e9enne de la publicit\u00e9 num\u00e9rique interactive<\/span><\/a><span style=\"font-weight: 400;\">.<\/span><\/li>\n<li style=\"font-weight: 400;\" aria-level=\"1\"><span style=\"font-weight: 400;\">Vous trouverez plus de d\u00e9tails sur les politiques de donn\u00e9es de Facebook dans les documents suivants<\/span><a href=\"https:\/\/www.facebook.com\/policy.php\"> <span style=\"font-weight: 400;\">Politique de donn\u00e9es de Facebook<\/span><\/a><span style=\"font-weight: 400;\">.<\/span><\/li>\n<\/ul>\n<h5><b>AppNexus Remarketing<\/b><\/h5>\n<p><span style=\"font-weight: 400;\">Le service de remarketing d&rsquo;AppNexus est fourni par AppNexus Inc.<\/span><\/p>\n<ul>\n<li style=\"font-weight: 400;\" aria-level=\"1\"><span style=\"font-weight: 400;\">Vous pouvez refuser le remarketing d&rsquo;AppNexus en visitant la page<\/span><a href=\"https:\/\/www.appnexus.com\/en\/company\/platform-privacy-policy\"> <span style=\"font-weight: 400;\">la page AppNexus Privacy &amp; Platform<\/span><\/a><span style=\"font-weight: 400;\">.<\/span><\/li>\n<\/ul>\n<h4><b>4. Partage de l&rsquo;information<\/b><\/h4>\n<p><span style=\"font-weight: 400;\">Nous ne vendons pas, n&rsquo;\u00e9changeons pas et ne transf\u00e9rons pas vos informations personnelles \u00e0 des tiers sans votre consentement, sauf si cela est n\u00e9cessaire pour fournir des services ou se conformer \u00e0 des exigences l\u00e9gales. Nous pouvons partager des informations agr\u00e9g\u00e9es et non personnelles avec des partenaires \u00e0 des fins de marketing, de publicit\u00e9 ou de recherche. <\/span><\/p>\n<p><span style=\"font-weight: 400;\">Nous pouvons engager des soci\u00e9t\u00e9s et des personnes tierces pour faciliter notre service, fournir le service en notre nom, ex\u00e9cuter des fonctions li\u00e9es au service ou nous aider \u00e0 analyser l&rsquo;utilisation du service. Ces tiers n&rsquo;ont acc\u00e8s \u00e0 vos informations personnelles que pour l&rsquo;ex\u00e9cution de ces t\u00e2ches et ne doivent pas les divulguer ou les utiliser \u00e0 d&rsquo;autres fins. <\/span><\/p>\n<p><span style=\"font-weight: 400;\">Nous pouvons divulguer vos informations personnelles si la loi ou une citation \u00e0 compara\u00eetre l&rsquo;exige, ou si nous estimons qu&rsquo;une telle action est n\u00e9cessaire pour respecter des obligations l\u00e9gales ou pour prot\u00e9ger la s\u00e9curit\u00e9 et l&rsquo;int\u00e9grit\u00e9 de notre service.<\/span><\/p>\n<h5><b>4.1. Transferts internationaux<\/b><\/h5>\n<p><span style=\"font-weight: 400;\">Vos informations, y compris les donn\u00e9es personnelles, peuvent \u00eatre transf\u00e9r\u00e9es et stock\u00e9es sur des ordinateurs situ\u00e9s en dehors de votre \u00c9tat, province, pays ou autre juridiction gouvernementale o\u00f9 les lois sur la protection des donn\u00e9es peuvent diff\u00e9rer.<\/span><\/p>\n<p><span style=\"font-weight: 400;\">Si vous \u00eates situ\u00e9 en dehors du Liban et que vous choisissez de nous fournir des informations, sachez que nous transf\u00e9rons des donn\u00e9es, y compris des informations personnelles, au Liban et que nous les traitons dans ce pays.<\/span><\/p>\n<p><span style=\"font-weight: 400;\">En continuant \u00e0 utiliser notre service apr\u00e8s l&rsquo;entr\u00e9e en vigueur de la pr\u00e9sente politique de protection de la vie priv\u00e9e, vous acceptez ce transfert.<\/span><\/p>\n<h4><b>5. S\u00e9curit\u00e9 de l&rsquo;information<\/b><\/h4>\n<p><span style=\"font-weight: 400;\">La protection de vos informations personnelles est importante pour nous, mais n&rsquo;oubliez pas qu&rsquo;aucune m\u00e9thode de transmission sur Internet ou de stockage \u00e9lectronique n&rsquo;est s\u00fbre \u00e0 100 %. Bien que nous nous efforcions d&rsquo;utiliser des moyens commercialement acceptables pour prot\u00e9ger vos informations personnelles, nous ne pouvons pas garantir leur s\u00e9curit\u00e9 absolue. <\/span><\/p>\n<h5><b>5.1. Liens avec des tiers<\/b><\/h5>\n<p><span style=\"font-weight: 400;\">Notre service peut contenir des liens vers des sites externes que nous n&rsquo;exploitons pas. Si vous cliquez sur le lien d&rsquo;un tiers, vous serez dirig\u00e9 vers le site de ce tiers. Nous vous conseillons vivement de consulter la politique de confidentialit\u00e9 de chaque site que vous visitez.  <\/span><\/p>\n<p><span style=\"font-weight: 400;\">Nous ne contr\u00f4lons pas et ne sommes pas responsables du contenu, des politiques de confidentialit\u00e9 ou des pratiques des sites ou services de tiers.<\/span><\/p>\n<h5><b>5.2. Vie priv\u00e9e des enfants<\/b><\/h5>\n<p><span style=\"font-weight: 400;\">Notre service ne s&rsquo;adresse pas aux personnes \u00e2g\u00e9es de moins de 13 ans (\u00ab enfants \u00bb).<\/span><\/p>\n<p><span style=\"font-weight: 400;\">Nous ne collectons pas sciemment d&rsquo;informations personnelles identifiables aupr\u00e8s d&rsquo;enfants de moins de 13 ans. Si vous \u00eates un parent ou un tuteur et que vous savez que votre enfant nous a fourni des informations personnelles, veuillez nous contacter. Si nous d\u00e9couvrons que nous avons recueilli des informations personnelles aupr\u00e8s d&rsquo;un enfant de moins de 13 ans sans le consentement v\u00e9rifi\u00e9 de ses parents, nous prendrons des mesures pour les supprimer.  <\/span><\/p>\n<h4><b>6. Modifications de la politique de confidentialit\u00e9<\/b><\/h4>\n<p><span style=\"font-weight: 400;\">Nous nous r\u00e9servons le droit de mettre \u00e0 jour la pr\u00e9sente politique de confidentialit\u00e9 \u00e0 tout moment. En cas de modification, nous vous en informerons en publiant la version mise \u00e0 jour sur notre site web. Nous vous encourageons \u00e0 consulter r\u00e9guli\u00e8rement cette page pour rester inform\u00e9 de nos pratiques en mati\u00e8re de protection de la vie priv\u00e9e.  <\/span><\/p>\n<h4><b>7. Informations sur les contacts<\/b><\/h4>\n<p><span style=\"font-weight: 400;\">Si vous avez des questions ou des pr\u00e9occupations concernant la pr\u00e9sente politique de confidentialit\u00e9, veuillez nous contacter \u00e0 l&rsquo;adresse suivante : <\/span><b>support@funtechspot.com<\/b><\/p>\n","protected":false},"excerpt":{"rendered":"<p>1. Introduction Uni Dragons Media Ltd (ci-apr\u00e8s d\u00e9nomm\u00e9e \u00ab l&rsquo;entreprise \u00bb, \u00ab nous \u00bb, \u00ab notre \u00bb ou \u00ab nos [&hellip;]<\/p>\n","protected":false},"author":3,"featured_media":0,"parent":0,"menu_order":0,"comment_status":"closed","ping_status":"closed","template":"template-empty.php","meta":{"inline_featured_image":false,"footnotes":""},"class_list":["post-11205","page","type-page","status-publish","hentry"],"_links":{"self":[{"href":"https:\/\/funtechspot.com\/fr\/wp-json\/wp\/v2\/pages\/11205"}],"collection":[{"href":"https:\/\/funtechspot.com\/fr\/wp-json\/wp\/v2\/pages"}],"about":[{"href":"https:\/\/funtechspot.com\/fr\/wp-json\/wp\/v2\/types\/page"}],"author":[{"embeddable":true,"href":"https:\/\/funtechspot.com\/fr\/wp-json\/wp\/v2\/users\/3"}],"replies":[{"embeddable":true,"href":"https:\/\/funtechspot.com\/fr\/wp-json\/wp\/v2\/comments?post=11205"}],"version-history":[{"count":0,"href":"https:\/\/funtechspot.com\/fr\/wp-json\/wp\/v2\/pages\/11205\/revisions"}],"wp:attachment":[{"href":"https:\/\/funtechspot.com\/fr\/wp-json\/wp\/v2\/media?parent=11205"}],"curies":[{"name":"wp","href":"https:\/\/api.w.org\/{rel}","templated":true}]}}