{"id":11209,"date":"2023-10-05T10:20:18","date_gmt":"2023-10-05T10:20:18","guid":{"rendered":"https:\/\/funtechspot.com\/datenschutzbestimmungen\/"},"modified":"2023-10-05T10:20:18","modified_gmt":"2023-10-05T10:20:18","slug":"datenschutzbestimmungen","status":"publish","type":"page","link":"https:\/\/funtechspot.com\/de\/datenschutzbestimmungen\/","title":{"rendered":"Datenschutzbestimmungen"},"content":{"rendered":"<h4><b>1. Einf\u00fchrung<\/b><\/h4>\n<p><span style=\"font-weight: 400;\">Uni Dragons Media Ltd (im Folgenden als das \u201eUnternehmen\u201c, \u201ewir\u201c, \u201euns\u201c oder \u201eunser\u201c bezeichnet) stellt diese Datenschutzrichtlinie zur Verf\u00fcgung, um zu beschreiben, wie wir Benutzerdaten f\u00fcr diejenigen sammeln, verwenden und weitergeben, die unsere Website funtechspot.com (im Folgenden als die \u201eWebsite\u201c bezeichnet) besuchen und damit verbundene Dienste nutzen.<\/span><\/p>\n<h4><b>2. Informationssammlung<\/b><\/h4>\n<h5><b>2.1. Pers\u00f6nliche Informationen<\/b><\/h5>\n<p><span style=\"font-weight: 400;\">Wir verwenden oder geben Ihre pers\u00f6nlichen Daten nur wie in dieser Datenschutzerkl\u00e4rung beschrieben weiter.<\/span><\/p>\n<p><span style=\"font-weight: 400;\">Wir verwenden Ihre pers\u00f6nlichen Daten, um den Service bereitzustellen und zu verbessern. Indem Sie den Service nutzen, stimmen Sie der Erfassung und Verwendung von Informationen in \u00dcbereinstimmung mit dieser Richtlinie zu. Sofern in dieser Datenschutzrichtlinie nicht anders definiert, haben die in dieser Datenschutzrichtlinie verwendeten Begriffe dieselbe Bedeutung wie in unseren Allgemeinen Gesch\u00e4ftsbedingungen.  <\/span><\/p>\n<p><span style=\"font-weight: 400;\">Bei der Nutzung unseres Dienstes bitten wir Sie m\u00f6glicherweise um die Angabe bestimmter personenbezogener Daten, die verwendet werden k\u00f6nnen, um Sie zu kontaktieren oder zu identifizieren. Pers\u00f6nliche Daten k\u00f6nnen unter anderem Ihre E-Mail-Adresse, Telefonnummer und andere Details (\u201ePers\u00f6nliche Daten\u201c) sein. <\/span><\/p>\n<h5><b>2.2. Automatisch gesammelte Informationen<\/b><\/h5>\n<p><span style=\"font-weight: 400;\">Wenn Sie \u00fcber ein mobiles Ger\u00e4t auf den Dienst zugreifen, k\u00f6nnen wir automatisch bestimmte Informationen erfassen, einschlie\u00dflich, aber nicht beschr\u00e4nkt auf die Art des von Ihnen verwendeten mobilen Ger\u00e4ts, die eindeutige Kennung Ihres Ger\u00e4ts, die IP-Adresse Ihres Ger\u00e4ts, den Benutzeragenten (Land, Sprache, lokale Einstellungen, Betriebssystemversion), die Anwendungsversion, den Typ des mobilen Internetbrowsers und andere Statistiken (\u201eProtokolldaten\u201c).<\/span><\/p>\n<p><span style=\"font-weight: 400;\">Dar\u00fcber hinaus k\u00f6nnen wir Dienste von Drittanbietern wie Google Analytics nutzen, die diese Art von Informationen sammeln, verfolgen und analysieren, um die Funktionalit\u00e4t unseres Service zu verbessern. Diese Drittanbieter haben ihre eigenen Datenschutzrichtlinien, die ihre Verwendung solcher Informationen regeln. <\/span><\/p>\n<p><span style=\"font-weight: 400;\">Wir k\u00f6nnen Standortinformationen sammeln und speichern, wenn Sie uns die Erlaubnis dazu geben. Diese Informationen werden verwendet, um Funktionen unseres Dienstes bereitzustellen, ihn zu verbessern und anzupassen. Sie k\u00f6nnen die Standortdienste jederzeit in den Einstellungen Ihres Mobilger\u00e4ts aktivieren oder deaktivieren.  <\/span><\/p>\n<h4><b>3. Verwendung von Informationen<\/b><\/h4>\n<p><span style=\"font-weight: 400;\">Der Hauptzweck der Erfassung Ihrer Daten besteht darin, unsere Dienste bereitzustellen und zu verbessern, ein personalisiertes Erlebnis zu gew\u00e4hrleisten und Sie \u00fcber Aktualisierungen und neue Angebote zu informieren. Wir k\u00f6nnen Ihre Daten verwenden, um demografische Daten, Interessen und Verhaltensweisen von Nutzern zu analysieren, damit wir unser Publikum besser bedienen k\u00f6nnen. <\/span><\/p>\n<p><span style=\"font-weight: 400;\">Behavioral Remarketing erm\u00f6glicht es uns, Anzeigen auf den Websites Dritter zu schalten, nachdem Sie unseren Service besucht haben. Wir und unsere Drittanbieter verwenden Cookies, um Sie zu informieren, zu optimieren und Anzeigen zu schalten, die auf Ihren fr\u00fcheren Interaktionen mit unserem Service basieren. <\/span><\/p>\n<h5><b>Google Remarketing<\/b><\/h5>\n<p><span style=\"font-weight: 400;\">Der Google AdWords Remarketing-Service wird von Google Inc. bereitgestellt.<\/span><\/p>\n<ul>\n<li style=\"font-weight: 400;\" aria-level=\"1\"><span style=\"font-weight: 400;\">Sie k\u00f6nnen Google Analytics f\u00fcr Display-Werbung deaktivieren und die Anzeigen im Google Display-Netzwerk anpassen, indem Sie die<\/span><a href=\"https:\/\/adssettings.google.com\/\"> <span style=\"font-weight: 400;\">Google Ads Einstellungen Seite<\/span><\/a><span style=\"font-weight: 400;\">.<\/span><\/li>\n<li style=\"font-weight: 400;\" aria-level=\"1\"><span style=\"font-weight: 400;\">Google empfiehlt au\u00dferdem die Installation des<\/span><a href=\"https:\/\/tools.google.com\/dlpage\/gaoptout\"> <span style=\"font-weight: 400;\">Google Analytics Opt-out Browser Add-on<\/span><\/a><span style=\"font-weight: 400;\"> zu installieren, um zu verhindern, dass Ihre Daten von Google Analytics erfasst und verwendet werden.<\/span><\/li>\n<li style=\"font-weight: 400;\" aria-level=\"1\"><span style=\"font-weight: 400;\">Weitere Einzelheiten zu den Datenschutzpraktiken von Google finden Sie unter<\/span><a href=\"https:\/\/policies.google.com\/privacy\"> <span style=\"font-weight: 400;\">Google Datenschutz &amp; Bedingungen<\/span><\/a><span style=\"font-weight: 400;\">.<\/span><\/li>\n<\/ul>\n<h5><b>Facebook Remarketing<\/b><\/h5>\n<p><span style=\"font-weight: 400;\">Der Remarketing-Service von Facebook wird von der Facebook Inc.<\/span><\/p>\n<ul>\n<li style=\"font-weight: 400;\" aria-level=\"1\"><span style=\"font-weight: 400;\">Sie k\u00f6nnen mehr \u00fcber interessenbezogene Werbung auf Facebook erfahren, indem Sie<\/span><a href=\"https:\/\/www.facebook.com\/help\/568137493302217\"> <span style=\"font-weight: 400;\">Facebooks Hilfe-Center<\/span><\/a><span style=\"font-weight: 400;\">.<\/span><\/li>\n<li style=\"font-weight: 400;\" aria-level=\"1\"><span style=\"font-weight: 400;\">Um die interessenbezogene Werbung von Facebook zu deaktivieren, folgen Sie diesen Anweisungen<\/span><a href=\"https:\/\/www.facebook.com\/help\/146952742043748\"> <span style=\"font-weight: 400;\">diese Anweisungen<\/span><\/a><span style=\"font-weight: 400;\">.<\/span><\/li>\n<li style=\"font-weight: 400;\" aria-level=\"1\"><span style=\"font-weight: 400;\">Facebook h\u00e4lt sich an die Selbstregulierungsprinzipien f\u00fcr verhaltensbezogene Online-Werbung, die von der Digital Advertising Alliance aufgestellt wurden. Benutzer k\u00f6nnen sich \u00fcber die <\/span> <a href=\"http:\/\/www.aboutads.info\/\"> <span style=\"font-weight: 400;\">Allianz f\u00fcr digitale Werbung<\/span><\/a><span style=\"font-weight: 400;\">, die<\/span><a href=\"http:\/\/youradchoices.ca\/\"> <span style=\"font-weight: 400;\">Kanadische Allianz f\u00fcr digitale Werbung<\/span><\/a><span style=\"font-weight: 400;\">, oder die<\/span><a href=\"http:\/\/www.youronlinechoices.eu\/\"> <span style=\"font-weight: 400;\">Europ\u00e4ische Allianz f\u00fcr interaktive digitale Werbung<\/span><\/a><span style=\"font-weight: 400;\">.<\/span><\/li>\n<li style=\"font-weight: 400;\" aria-level=\"1\"><span style=\"font-weight: 400;\">Weitere Einzelheiten zu den Datenrichtlinien von Facebook finden Sie unter<\/span><a href=\"https:\/\/www.facebook.com\/policy.php\"> <span style=\"font-weight: 400;\">Facebooks Datenrichtlinie<\/span><\/a><span style=\"font-weight: 400;\">.<\/span><\/li>\n<\/ul>\n<h5><b>AppNexus Remarketing<\/b><\/h5>\n<p><span style=\"font-weight: 400;\">Der AppNexus Remarketing-Service wird von AppNexus Inc. angeboten.<\/span><\/p>\n<ul>\n<li style=\"font-weight: 400;\" aria-level=\"1\"><span style=\"font-weight: 400;\">Sie k\u00f6nnen das AppNexus Remarketing deaktivieren, indem Sie die<\/span><a href=\"https:\/\/www.appnexus.com\/en\/company\/platform-privacy-policy\"> <span style=\"font-weight: 400;\">AppNexus Datenschutz &amp; Plattform Seite<\/span><\/a><span style=\"font-weight: 400;\">.<\/span><\/li>\n<\/ul>\n<h4><b>4. Gemeinsame Nutzung von Informationen<\/b><\/h4>\n<p><span style=\"font-weight: 400;\">Wir verkaufen, tauschen oder \u00fcbertragen Ihre pers\u00f6nlichen Daten nicht ohne Ihre Zustimmung an Dritte, es sei denn, dies ist notwendig, um Dienstleistungen zu erbringen oder gesetzliche Vorschriften zu erf\u00fcllen. Wir k\u00f6nnen zusammengefasste, nicht-personenbezogene Daten an Partner f\u00fcr Marketing-, Werbe- oder Forschungszwecke weitergeben. <\/span><\/p>\n<p><span style=\"font-weight: 400;\">Wir k\u00f6nnen Drittunternehmen und Einzelpersonen damit beauftragen, unseren Service zu erleichtern, den Service in unserem Namen bereitzustellen, servicebezogene Funktionen auszuf\u00fchren oder uns bei der Analyse der Servicenutzung zu unterst\u00fctzen. Diese Dritten haben nur zur Erf\u00fcllung dieser Aufgaben Zugang zu Ihren pers\u00f6nlichen Daten und d\u00fcrfen diese nicht f\u00fcr andere Zwecke weitergeben oder verwenden. <\/span><\/p>\n<p><span style=\"font-weight: 400;\">Wir k\u00f6nnen Ihre pers\u00f6nlichen Daten offenlegen, wenn wir gesetzlich dazu verpflichtet sind, eine Vorladung erhalten oder wenn wir der Meinung sind, dass eine solche Ma\u00dfnahme notwendig ist, um rechtlichen Verpflichtungen nachzukommen oder die Sicherheit und Integrit\u00e4t unseres Dienstes zu sch\u00fctzen.<\/span><\/p>\n<h5><b>4.1. Internationale \u00dcberweisungen<\/b><\/h5>\n<p><span style=\"font-weight: 400;\">Ihre Informationen, einschlie\u00dflich personenbezogener Daten, k\u00f6nnen an Computer au\u00dferhalb Ihres Staates, Ihrer Provinz, Ihres Landes oder einer anderen staatlichen Gerichtsbarkeit, in der andere Datenschutzgesetze gelten, \u00fcbertragen und dort gespeichert werden.<\/span><\/p>\n<p><span style=\"font-weight: 400;\">Wenn Sie sich au\u00dferhalb des Libanon befinden und sich daf\u00fcr entscheiden, uns Informationen zur Verf\u00fcgung zu stellen, beachten Sie bitte, dass wir Daten, einschlie\u00dflich pers\u00f6nlicher Informationen, in den Libanon \u00fcbertragen und dort verarbeiten.<\/span><\/p>\n<p><span style=\"font-weight: 400;\">Ihre fortgesetzte Nutzung unseres Dienstes nach dieser Datenschutzerkl\u00e4rung bedeutet, dass Sie dieser \u00dcbertragung zustimmen.<\/span><\/p>\n<h4><b>5. Informationssicherheit<\/b><\/h4>\n<p><span style=\"font-weight: 400;\">Der Schutz Ihrer pers\u00f6nlichen Daten ist uns wichtig, aber denken Sie daran, dass keine Methode der \u00dcbertragung \u00fcber das Internet oder der elektronischen Speicherung zu 100% sicher ist. Obwohl wir uns bem\u00fchen, kommerziell akzeptable Mittel zum Schutz Ihrer pers\u00f6nlichen Daten zu verwenden, k\u00f6nnen wir deren absolute Sicherheit nicht garantieren. <\/span><\/p>\n<h5><b>5.1. Links von Drittanbietern<\/b><\/h5>\n<p><span style=\"font-weight: 400;\">Unser Service kann Links zu externen Websites enthalten, die nicht von uns betrieben werden. Wenn Sie auf einen Link eines Drittanbieters klicken, werden Sie auf die Seite dieses Drittanbieters weitergeleitet. Wir empfehlen Ihnen dringend, die Datenschutzrichtlinien jeder Seite, die Sie besuchen, zu lesen.  <\/span><\/p>\n<p><span style=\"font-weight: 400;\">Wir haben keine Kontrolle \u00fcber die Inhalte, Datenschutzrichtlinien oder Praktiken von Websites oder Diensten Dritter und sind nicht f\u00fcr diese verantwortlich.<\/span><\/p>\n<h5><b>5.2. Datenschutz f\u00fcr Kinder<\/b><\/h5>\n<p><span style=\"font-weight: 400;\">Unser Service richtet sich nicht an Personen unter 13 Jahren (\u201eKinder\u201c).<\/span><\/p>\n<p><span style=\"font-weight: 400;\">Wir sammeln nicht wissentlich personenbezogene Daten von Kindern unter 13 Jahren. Wenn Sie ein Elternteil oder Erziehungsberechtigter sind und wissen, dass Ihr Kind uns pers\u00f6nliche Daten zur Verf\u00fcgung gestellt hat, kontaktieren Sie uns bitte. Wenn wir feststellen, dass wir pers\u00f6nliche Daten von einem Kind unter 13 Jahren ohne verifizierte elterliche Zustimmung gesammelt haben, werden wir Ma\u00dfnahmen ergreifen, um diese zu entfernen.  <\/span><\/p>\n<h4><b>6. \u00c4nderungen der Datenschutzbestimmungen<\/b><\/h4>\n<p><span style=\"font-weight: 400;\">Wir behalten uns das Recht vor, diese Datenschutzrichtlinie jederzeit zu aktualisieren. Sollten sich \u00c4nderungen ergeben, werden wir Sie dar\u00fcber informieren, indem wir die aktualisierte Version auf unserer Website ver\u00f6ffentlichen. Wir empfehlen Ihnen, diese Seite regelm\u00e4\u00dfig zu lesen, um sich \u00fcber unsere Datenschutzpraktiken zu informieren.  <\/span><\/p>\n<h4><b>7. Kontaktinformationen<\/b><\/h4>\n<p><span style=\"font-weight: 400;\">Wenn Sie Fragen oder Bedenken bez\u00fcglich dieser Datenschutzrichtlinie haben, kontaktieren Sie uns bitte unter: <\/span><b>support@funtechspot.com<\/b><\/p>\n","protected":false},"excerpt":{"rendered":"<p>1. Einf\u00fchrung Uni Dragons Media Ltd (im Folgenden als das \u201eUnternehmen\u201c, \u201ewir\u201c, \u201euns\u201c oder \u201eunser\u201c bezeichnet) stellt diese Datenschutzrichtlinie zur [&hellip;]<\/p>\n","protected":false},"author":3,"featured_media":0,"parent":0,"menu_order":0,"comment_status":"closed","ping_status":"closed","template":"template-empty.php","meta":{"inline_featured_image":false,"footnotes":""},"class_list":["post-11209","page","type-page","status-publish","hentry"],"_links":{"self":[{"href":"https:\/\/funtechspot.com\/de\/wp-json\/wp\/v2\/pages\/11209"}],"collection":[{"href":"https:\/\/funtechspot.com\/de\/wp-json\/wp\/v2\/pages"}],"about":[{"href":"https:\/\/funtechspot.com\/de\/wp-json\/wp\/v2\/types\/page"}],"author":[{"embeddable":true,"href":"https:\/\/funtechspot.com\/de\/wp-json\/wp\/v2\/users\/3"}],"replies":[{"embeddable":true,"href":"https:\/\/funtechspot.com\/de\/wp-json\/wp\/v2\/comments?post=11209"}],"version-history":[{"count":0,"href":"https:\/\/funtechspot.com\/de\/wp-json\/wp\/v2\/pages\/11209\/revisions"}],"wp:attachment":[{"href":"https:\/\/funtechspot.com\/de\/wp-json\/wp\/v2\/media?parent=11209"}],"curies":[{"name":"wp","href":"https:\/\/api.w.org\/{rel}","templated":true}]}}