{"id":11204,"date":"2023-10-05T09:20:24","date_gmt":"2023-10-05T09:20:24","guid":{"rendered":"https:\/\/funtechspot.com\/bedingungen-und-konditionen\/"},"modified":"2023-10-05T09:20:24","modified_gmt":"2023-10-05T09:20:24","slug":"bedingungen-und-konditionen","status":"publish","type":"page","link":"https:\/\/funtechspot.com\/de\/bedingungen-und-konditionen\/","title":{"rendered":"Bedingungen und Konditionen"},"content":{"rendered":"<h3><b>1. Einf\u00fchrung<\/b><\/h3>\n<p><span style=\"font-weight: 400;\">Uni Dragons Media Ltd (im Folgenden als das \u201eUnternehmen\u201c, \u201ewir\u201c, \u201euns\u201c oder \u201eunser\u201c bezeichnet) stellt diese Allgemeinen Gesch\u00e4ftsbedingungen zur Verf\u00fcgung, um die Bedingungen f\u00fcr den Zugang zu und die Nutzung unserer Website funtechspot.com (im Folgenden als die \u201eWebsite\u201c bezeichnet) und der damit verbundenen Dienste zu umrei\u00dfen.<\/span><\/p>\n<p><span style=\"font-weight: 400;\">Indem Sie auf unsere Website zugreifen oder sie nutzen, erkl\u00e4ren Sie sich mit diesen Bedingungen einverstanden. Wenn Sie mit einem Teil dieser Bedingungen nicht einverstanden sind, sollten Sie die Website nicht nutzen. <\/span><\/p>\n<p><span style=\"font-weight: 400;\">Zus\u00e4tzlich zu den Allgemeinen Gesch\u00e4ftsbedingungen gelten f\u00fcr Sie und Uni Dragons Media Ltd. bei der Nutzung der Dienste (wie hierin definiert) besondere Dienstregeln, Werbebedingungen, Anweisungen und Bestimmungen.<\/span><\/p>\n<p><span style=\"font-weight: 400;\">Alle diese Werberichtlinien, Regeln, Bedingungen und Bestimmungen werden als integraler Bestandteil dieser Allgemeinen Gesch\u00e4ftsbedingungen betrachtet.<\/span><\/p>\n<p><span style=\"font-weight: 400;\">Indem Sie die Dienste von Uni Dragons Media Ltd. nutzen, erkl\u00e4ren Sie sich damit einverstanden, diese Allgemeinen Gesch\u00e4ftsbedingungen sowie die Richtlinien, Regeln, Werbebedingungen und Konditionen einzuhalten, die als untrennbarer Bestandteil dieser Allgemeinen Gesch\u00e4ftsbedingungen zu betrachten sind.<\/span><\/p>\n<h3><b>2. Dienstbeschreibung<\/b><\/h3>\n<p><span style=\"font-weight: 400;\">Uni Dragons Media Ltd bietet mobile Unterhaltungsinhalte wie Videos, Grafiken und andere Daten \u00fcber SMS-Dienste und das Internet (GPRS, 3G\/4G) auf kompatiblen mobilen Ger\u00e4ten an.  <\/span><\/p>\n<p><span style=\"font-weight: 400;\">Nach der Registrierung und Bezahlung k\u00f6nnen Sie Produkte \u00fcber den Service auf kompatible Mobiltelefone empfangen oder herunterladen.<\/span><\/p>\n<h3><b>3. Verf\u00fcgbarkeit<\/b><\/h3>\n<p><span style=\"font-weight: 400;\">Der Dienst wird so angeboten, wie er ist, und Uni Dragons Media Ltd. ist nicht verantwortlich f\u00fcr Ausf\u00e4lle oder Verz\u00f6gerungen beim Betrieb des Dienstes, die durch die Konfiguration Ihres pers\u00f6nlichen Mobilger\u00e4ts verursacht werden.<\/span><\/p>\n<p><span style=\"font-weight: 400;\">Um die Dienste nutzen zu k\u00f6nnen, m\u00fcssen die Nutzer \u00fcber einen Mobilfunkbetreiber mit einem Mobilfunknetz verbunden sein. Sie sind f\u00fcr alle Kosten verantwortlich, die mit einem solchen Zugang verbunden sind, sowie f\u00fcr die notwendige Ausr\u00fcstung, um sich mit dem Internet zu verbinden. <\/span><\/p>\n<h3><b>4. Benutzerrechte &amp; Registrierung<\/b><\/h3>\n<p><span style=\"font-weight: 400;\">Benutzer m\u00fcssen mindestens 18 Jahre alt sein. Benutzer unter 18 Jahren m\u00fcssen die Erlaubnis eines Elternteils oder Erziehungsberechtigten haben, um den Service zu nutzen. <\/span><\/p>\n<p><span style=\"font-weight: 400;\">Mit der Registrierung eines Kontos verpflichten Sie sich, genaue und vollst\u00e4ndige Angaben zu machen. Wir behalten uns das Recht vor, Konten mit falschen oder irref\u00fchrenden Angaben zu sperren oder zu l\u00f6schen. <\/span><\/p>\n<p><span style=\"font-weight: 400;\">Sie sind f\u00fcr die Geheimhaltung Ihrer Kontodaten und f\u00fcr alle Aktivit\u00e4ten, die \u00fcber Ihr Konto erfolgen, verantwortlich.<\/span><\/p>\n<h3><b>5. Zahlungen<\/b><\/h3>\n<p><span style=\"font-weight: 400;\">Der Zugang zu unseren Online-Diensten ist kostenlos. F\u00fcr zus\u00e4tzliche Dienste m\u00fcssen Sie die entsprechenden Geb\u00fchren gem\u00e4\u00df der aktuellen Preisgestaltung von Uni Dragons Media Ltd. und den Tarifen Ihres Mobilfunkbetreibers bezahlen. <\/span><\/p>\n<p><span style=\"font-weight: 400;\">Die Abrechnung erfolgt \u00fcber Ihr Mobilfunkkonto, einschlie\u00dflich aller nationalen und lokalen Steuern und Geb\u00fchren, die bei der Nutzung der Dienste anfallen.<\/span><\/p>\n<p><span style=\"font-weight: 400;\">Uni Dragons Media Ltd. beh\u00e4lt sich das Recht vor, die Preise f\u00fcr Dienstleistungen zu \u00e4ndern, indem sie Einzelheiten zu solchen \u00c4nderungen auf ihrer Website ver\u00f6ffentlicht.<\/span><\/p>\n<p><span style=\"font-weight: 400;\">Wenn Sie mit den neuen Tarifen nicht einverstanden sind, k\u00f6nnen Sie Ihr Abonnement zum Ende des laufenden Abrechnungszeitraums k\u00fcndigen.<\/span><\/p>\n<h3><b>6. Verbot des Weiterverkaufs von Dienstleistungen<\/b><\/h3>\n<p><span style=\"font-weight: 400;\">Sie erkennen an und erkl\u00e4ren sich damit einverstanden, dass die im Rahmen des Dienstes verf\u00fcgbaren Downloads Eigentum der Uni Dragons Media Ltd, ihrer Tochtergesellschaften und\/oder Lizenzgeber sind und durch Urheberrechtsgesetze gesch\u00fctzt sind.<\/span><\/p>\n<p><span style=\"font-weight: 400;\">Sie erhalten eine begrenzte, nicht exklusive, nicht \u00fcbertragbare, widerrufliche Lizenz zum Herunterladen und zur Nutzung der Inhalte ausschlie\u00dflich f\u00fcr den pers\u00f6nlichen, nicht kommerziellen Gebrauch auf einem kompatiblen Mobiltelefon.<\/span><\/p>\n<p><span style=\"font-weight: 400;\">Es ist Ihnen nicht gestattet, den Inhalt ohne die ausdr\u00fcckliche schriftliche Zustimmung von Uni Dragons Media Ltd. zu vervielf\u00e4ltigen, zu ver\u00e4ndern, zu \u00fcbertragen, zu vertreiben, zu verkaufen, abgeleitete Werke zu erstellen oder anderweitig zu nutzen.<\/span><\/p>\n<h3><b>7. Rechte an geistigem Eigentum<\/b><\/h3>\n<p><span style=\"font-weight: 400;\">Sofern nicht anders angegeben, geh\u00f6ren alle Rechte, Titel und geistigen Eigentumsrechte, die mit den Diensten verbunden sind, der Uni Dragons Media Ltd. oder ihren Lizenzgebern.<\/span><\/p>\n<p><span style=\"font-weight: 400;\">Sie erkl\u00e4ren sich damit einverstanden, keine Eigentumsrechte an diesen Inhalten zu beanspruchen. Sie erkennen an, dass Ihnen keine Medieninhalte \u00fcbertragen werden und dass Sie au\u00dfer der oben gew\u00e4hrten eingeschr\u00e4nkten Lizenz keine Rechte an dem Dienst oder seinen Inhalten haben. <\/span><\/p>\n<h3><b>8. Allgemeine Regeln zur Nutzung und Speicherung von Informationen<\/b><\/h3>\n<p><span style=\"font-weight: 400;\">Sie erkennen an, dass Uni Dragons Media Ltd. pers\u00f6nliche und finanzielle Daten sammelt und verarbeitet und diese Informationen sicher verwendet.<\/span><\/p>\n<p><span style=\"font-weight: 400;\">Die von Uni Dragons Media Ltd. gesammelten pers\u00f6nlichen Daten k\u00f6nnen in Hongkong oder einem anderen Land, in dem Uni Dragons Media Ltd. oder seine Vertreter t\u00e4tig sind, gespeichert und verwendet werden.<\/span><\/p>\n<p><span style=\"font-weight: 400;\">Indem Sie den Service nutzen, stimmen Sie solchen grenz\u00fcberschreitenden Daten\u00fcbertragungen zu. Wir k\u00f6nnen Ihre pers\u00f6nlichen Daten zu Abrechnungszwecken an Ihren Mobilfunkbetreiber \u00fcbermitteln. <\/span><\/p>\n<p><span style=\"font-weight: 400;\">Dar\u00fcber hinaus k\u00f6nnen wir Ihre Daten an staatliche Beh\u00f6rden weitergeben, einschlie\u00dflich, aber nicht beschr\u00e4nkt auf Gerichte und Staatsanwaltschaften.<\/span><\/p>\n<h3><b>9. \u00c4nderungen der Bedingungen<\/b><\/h3>\n<p><span style=\"font-weight: 400;\">Uni Dragons Media Ltd. beh\u00e4lt sich das Recht vor, diese Bedingungen jederzeit ohne vorherige Ank\u00fcndigung zu \u00e4ndern oder neue Bedingungen f\u00fcr den Zugang zu und\/oder die Nutzung der Website, ihrer Produkte und Dienstleistungen einzuf\u00fchren.<\/span><\/p>\n<p><span style=\"font-weight: 400;\">Solche \u00c4nderungen treten unmittelbar nach der Ver\u00f6ffentlichung auf der Website in Kraft.<\/span><\/p>\n<p><span style=\"font-weight: 400;\">Sie sind daf\u00fcr verantwortlich, die Website regelm\u00e4\u00dfig auf Aktualisierungen zu \u00fcberpr\u00fcfen, die sich auf Ihre Rechte und Pflichten auswirken k\u00f6nnen.<\/span><\/p>\n<p><span style=\"font-weight: 400;\">Indem Sie die Website nach \u00c4nderungen weiterhin nutzen, stimmen Sie diesen \u00c4nderungen zu.<\/span><\/p>\n<h3><b>10. Transaktionen mit Werbekunden\/Sponsoren<\/b><\/h3>\n<p><span style=\"font-weight: 400;\">Jegliche Transaktionen zwischen Ihnen und Sponsoren und\/oder Inserenten oder jegliche Teilnahme an Angeboten von Sponsoren und\/oder Inserenten, die im Service aufgef\u00fchrt sind, einschlie\u00dflich der Lieferung und Bezahlung von Waren oder Dienstleistungen, sowie jegliche Garantien, Bedingungen, Bestimmungen und Zusicherungen im Zusammenhang mit solchen Transaktionen, erfolgen ausschlie\u00dflich zwischen Ihnen und dem jeweiligen Sponsor und\/oder Inserenten.<\/span><\/p>\n<p><span style=\"font-weight: 400;\">Sie erkl\u00e4ren sich damit einverstanden, dass Uni Dragons Media Ltd. nicht f\u00fcr Verluste haftet, die sich aus solchen Transaktionen oder der Pr\u00e4senz solcher Sponsoren und\/oder Werbetreibenden im Service ergeben k\u00f6nnen.<\/span><\/p>\n<h3><b>11. Dienst-Aktivierung<\/b><\/h3>\n<p><span style=\"font-weight: 400;\">Jegliche Transaktionen zwischen Ihnen und Sponsoren und\/oder Inserenten oder jegliche Teilnahme an Angeboten von Sponsoren und\/oder Inserenten, die im Service aufgef\u00fchrt sind, einschlie\u00dflich der Lieferung und Bezahlung von Waren oder Dienstleistungen, sowie jegliche Garantien, Bedingungen, Bestimmungen und Zusicherungen im Zusammenhang mit solchen Transaktionen, erfolgen ausschlie\u00dflich zwischen Ihnen und dem jeweiligen Sponsor und\/oder Inserenten.<\/span><\/p>\n<p><span style=\"font-weight: 400;\">Sie erkl\u00e4ren sich damit einverstanden, dass Uni Dragons Media Ltd. nicht f\u00fcr Verluste haftet, die sich aus solchen Transaktionen oder der Pr\u00e4senz solcher Sponsoren und\/oder Werbetreibenden im Service ergeben k\u00f6nnen.<\/span><\/p>\n<h3><b>12. Dienstunterbrechung<\/b><\/h3>\n<p><span style=\"font-weight: 400;\">Uni Dragons Media Ltd. kann den Service f\u00fcr Wartungsarbeiten, Upgrades oder Reparaturen unterbrechen. In solchen F\u00e4llen wird Uni Dragons Media Ltd. angemessene Anstrengungen unternehmen, um die Ausfallzeiten des Dienstes und die Unannehmlichkeiten f\u00fcr die Benutzer zu minimieren. <\/span><\/p>\n<p><span style=\"font-weight: 400;\">Uni Dragons Media Ltd beh\u00e4lt sich das Recht vor, einzelne Dienste, die von ihr oder Dritten \u00fcber die Dienste bereitgestellt werden, vor\u00fcbergehend oder dauerhaft zu \u00e4ndern oder einzustellen oder die Dienste insgesamt einzustellen.<\/span><\/p>\n<h3><b>13. Beendigung des Dienstes<\/b><\/h3>\n<p><span style=\"font-weight: 400;\">Um die von Uni Dragons Media Ltd. angebotenen Dienste zu k\u00fcndigen, k\u00f6nnen Sie eine Anfrage an den Kundensupport richten unter <\/span><b>support@funtechspot.com<\/b><span style=\"font-weight: 400;\">.<\/span><\/p>\n<p><span style=\"font-weight: 400;\">Die Stornierung wird nach Erhalt der Best\u00e4tigung wirksam. Die Geb\u00fchren f\u00fcr den n\u00e4chsten Abrechnungszyklus k\u00f6nnen weiterhin auf Ihrem Handykonto erscheinen. Uni Dragons Media Ltd beh\u00e4lt sich das Recht vor, ausstehende Zahlungen einzuziehen.  <\/span><\/p>\n<h3><b>14. Inhalt<\/b><\/h3>\n<p><span style=\"font-weight: 400;\">Die auf der Website bereitgestellten Texte, Bilder, Fotos, Grafiken, Logos, Illustrationen, Beschreibungen, Daten und anderen Materialien sowie deren Auswahl, Zusammenstellung und Anordnung werden zusammenfassend als \u201eInhalt\u201c bezeichnet.<\/span><\/p>\n<p><span style=\"font-weight: 400;\">Der Inhalt kann Fehler, Auslassungen oder typografische Fehler enthalten und\/oder veraltet sein. Uni Dragons Media Ltd kann Inhalte jederzeit ohne vorherige Ank\u00fcndigung \u00e4ndern, entfernen oder aktualisieren. <\/span><\/p>\n<p><span style=\"font-weight: 400;\">Der Inhalt wird nur zu Informationszwecken bereitgestellt und ist nicht bindend.<\/span><\/p>\n<h3><b>15. Sicherheit &amp; Schutz<\/b><\/h3>\n<p><span style=\"font-weight: 400;\">Die Infrastruktur und die Anwendungen sind so aufgebaut und gesichert, dass Unbefugte keinen Zugriff auf Benutzerdaten haben.<\/span><\/p>\n<p><span style=\"font-weight: 400;\">Wenn Sie diese Bedingungen akzeptieren, erkennen Sie an, dass Uni Dragons Media Ltd:<\/span><\/p>\n<ul>\n<li style=\"font-weight: 400;\" aria-level=\"1\"><span style=\"font-weight: 400;\">kann Ihre Daten verwenden, um Vereinbarungen zwischen Ihnen und Uni Dragons Media Ltd. zu erf\u00fcllen, die Plattform zu aktualisieren und Ihre Erfahrungen mit der Website zu verbessern.<\/span><\/li>\n<li style=\"font-weight: 400;\" aria-level=\"1\"><span style=\"font-weight: 400;\">kann Informationen, die Sie auf der Website oder per SMS ver\u00f6ffentlicht haben, wiederverwenden.<\/span><\/li>\n<li style=\"font-weight: 400;\" aria-level=\"1\"><span style=\"font-weight: 400;\">Kann Sie \u00fcber Angebote, Rabatte, neue Entwicklungen und zus\u00e4tzliche Dienstleistungen von Uni Dragons Media Ltd. informieren.<\/span><\/li>\n<li style=\"font-weight: 400;\" aria-level=\"1\"><span style=\"font-weight: 400;\">Kann Informationen verarbeiten, die mit dem Aufbau oder der Aufrechterhaltung direkter Beziehungen zwischen Uni Dragons Media Ltd und\/oder ausgew\u00e4hlten Unternehmen zu Rekrutierungs-, kommerziellen oder wohlt\u00e4tigen Zwecken zusammenh\u00e4ngen.<\/span><\/li>\n<\/ul>\n<p><span style=\"font-weight: 400;\">Indem Sie diesen Bedingungen zustimmen, erm\u00e4chtigen Sie Uni Dragons Media Ltd, diese Informationen zu sammeln und zu verwenden oder sie anonym an Dritte weiterzugeben.<\/span><\/p>\n<h3><b>Akzeptanz dieser Richtlinie<\/b><\/h3>\n<p><span style=\"font-weight: 400;\">Indem Sie den Service nutzen, erkl\u00e4ren Sie sich mit dieser Datenschutzrichtlinie und den Allgemeinen Gesch\u00e4ftsbedingungen einverstanden. Wenn Sie damit nicht einverstanden sind, nutzen Sie unseren Service bitte nicht. <\/span><\/p>\n<p><span style=\"font-weight: 400;\">Wir behalten uns das Recht vor, diese Datenschutzrichtlinie und die Allgemeinen Gesch\u00e4ftsbedingungen jederzeit zu \u00e4ndern, zu erg\u00e4nzen, zu erweitern oder einzuschr\u00e4nken. Wir empfehlen Ihnen daher, diese Seiten regelm\u00e4\u00dfig zu \u00fcberpr\u00fcfen. <\/span><\/p>\n","protected":false},"excerpt":{"rendered":"<p>1. Einf\u00fchrung Uni Dragons Media Ltd (im Folgenden als das \u201eUnternehmen\u201c, \u201ewir\u201c, \u201euns\u201c oder \u201eunser\u201c bezeichnet) stellt diese Allgemeinen Gesch\u00e4ftsbedingungen [&hellip;]<\/p>\n","protected":false},"author":3,"featured_media":0,"parent":0,"menu_order":0,"comment_status":"closed","ping_status":"closed","template":"template-empty.php","meta":{"inline_featured_image":false,"footnotes":""},"class_list":["post-11204","page","type-page","status-publish","hentry"],"_links":{"self":[{"href":"https:\/\/funtechspot.com\/de\/wp-json\/wp\/v2\/pages\/11204"}],"collection":[{"href":"https:\/\/funtechspot.com\/de\/wp-json\/wp\/v2\/pages"}],"about":[{"href":"https:\/\/funtechspot.com\/de\/wp-json\/wp\/v2\/types\/page"}],"author":[{"embeddable":true,"href":"https:\/\/funtechspot.com\/de\/wp-json\/wp\/v2\/users\/3"}],"replies":[{"embeddable":true,"href":"https:\/\/funtechspot.com\/de\/wp-json\/wp\/v2\/comments?post=11204"}],"version-history":[{"count":0,"href":"https:\/\/funtechspot.com\/de\/wp-json\/wp\/v2\/pages\/11204\/revisions"}],"wp:attachment":[{"href":"https:\/\/funtechspot.com\/de\/wp-json\/wp\/v2\/media?parent=11204"}],"curies":[{"name":"wp","href":"https:\/\/api.w.org\/{rel}","templated":true}]}}